{"id":798,"date":"2025-03-01T14:17:26","date_gmt":"2025-03-01T13:17:26","guid":{"rendered":"http:\/\/svatba.jirifrydrych.cz\/subdom\/svatba\/home\/"},"modified":"2026-03-29T13:54:55","modified_gmt":"2026-03-29T12:54:55","slug":"home","status":"publish","type":"page","link":"https:\/\/svatba.jirifrydrych.cz\/subdom\/svatba\/","title":{"rendered":"Home"},"content":{"rendered":"","protected":true},"excerpt":{"rendered":"","protected":true},"author":1,"featured_media":1025,"parent":0,"menu_order":0,"comment_status":"closed","ping_status":"closed","template":"","meta":{"site-sidebar-layout":"no-sidebar","site-content-layout":"page-builder","ast-site-content-layout":"full-width-container","site-content-style":"unboxed","site-sidebar-style":"unboxed","ast-global-header-display":"","ast-banner-title-visibility":"","ast-main-header-display":"disabled","ast-hfb-above-header-display":"","ast-hfb-below-header-display":"","ast-hfb-mobile-header-display":"","site-post-title":"disabled","ast-breadcrumbs-content":"","ast-featured-img":"","footer-sml-layout":"","ast-disable-related-posts":"","theme-transparent-header-meta":"","adv-header-id-meta":"","stick-header-meta":"","header-above-stick-meta":"","header-main-stick-meta":"","header-below-stick-meta":"","astra-migrate-meta-layouts":"set","ast-page-background-enabled":"default","ast-page-background-meta":{"desktop":{"background-color":"","background-image":"","background-repeat":"repeat","background-position":"center center","background-size":"auto","background-attachment":"scroll","background-type":"","background-media":"","overlay-type":"","overlay-color":"","overlay-opacity":"","overlay-gradient":""},"tablet":{"background-color":"","background-image":"","background-repeat":"repeat","background-position":"center center","background-size":"auto","background-attachment":"scroll","background-type":"","background-media":"","overlay-type":"","overlay-color":"","overlay-opacity":"","overlay-gradient":""},"mobile":{"background-color":"","background-image":"","background-repeat":"repeat","background-position":"center center","background-size":"auto","background-attachment":"scroll","background-type":"","background-media":"","overlay-type":"","overlay-color":"","overlay-opacity":"","overlay-gradient":""}},"ast-content-background-meta":{"desktop":{"background-color":"var(--ast-global-color-5)","background-image":"","background-repeat":"repeat","background-position":"center center","background-size":"auto","background-attachment":"scroll","background-type":"","background-media":"","overlay-type":"","overlay-color":"","overlay-opacity":"","overlay-gradient":""},"tablet":{"background-color":"var(--ast-global-color-5)","background-image":"","background-repeat":"repeat","background-position":"center center","background-size":"auto","background-attachment":"scroll","background-type":"","background-media":"","overlay-type":"","overlay-color":"","overlay-opacity":"","overlay-gradient":""},"mobile":{"background-color":"var(--ast-global-color-5)","background-image":"","background-repeat":"repeat","background-position":"center center","background-size":"auto","background-attachment":"scroll","background-type":"","background-media":"","overlay-type":"","overlay-color":"","overlay-opacity":"","overlay-gradient":""}},"footnotes":""},"class_list":["post-798","page","type-page","status-publish","post-password-required","hentry"],"yoast_head":"<!-- This site is optimized with the Yoast SEO plugin v27.2 - https:\/\/yoast.com\/product\/yoast-seo-wordpress\/ -->\n<title>Terezka &amp; Ji\u0159\u00edk \u2665 20. 9. 2025<\/title>\n<meta name=\"description\" content=\"Web na cel\u00fd \u017eivot (nebo alespo\u0148 do svatby)\" \/>\n<meta name=\"robots\" content=\"noindex, follow\" \/>\n<meta property=\"og:locale\" content=\"cs_CZ\" \/>\n<meta property=\"og:type\" content=\"article\" \/>\n<meta property=\"og:title\" content=\"Terezka &amp; Ji\u0159\u00edk \u2665 20. 9. 2025\" \/>\n<meta property=\"og:description\" content=\"Web na cel\u00fd \u017eivot (nebo alespo\u0148 do svatby)\" \/>\n<meta property=\"og:url\" content=\"https:\/\/svatba.jirifrydrych.cz\/subdom\/svatba\/\" \/>\n<meta property=\"og:site_name\" content=\"Terezka &amp; Ji\u0159\u00edk \u2665 20. 9. 2025\" \/>\n<meta property=\"article:modified_time\" content=\"2026-03-29T12:54:55+00:00\" \/>\n<meta name=\"twitter:card\" content=\"summary_large_image\" \/>\n<meta name=\"twitter:title\" content=\"Terezka &amp; Ji\u0159\u00edk \u2665 20. 9. 2025\" \/>\n<meta name=\"twitter:description\" content=\"Web na cel\u00fd \u017eivot (nebo alespo\u0148 do svatby)\" \/>\n<meta name=\"twitter:label1\" content=\"Odhadovan\u00e1 doba \u010dten\u00ed\" \/>\n\t<meta name=\"twitter:data1\" content=\"9 minut\" \/>\n<script type=\"application\/ld+json\" class=\"yoast-schema-graph\">{\"@context\":\"https:\/\/schema.org\",\"@graph\":[{\"@type\":\"WebPage\",\"@id\":\"https:\/\/svatba.jirifrydrych.cz\/subdom\/svatba\/\",\"url\":\"https:\/\/svatba.jirifrydrych.cz\/subdom\/svatba\/\",\"name\":\"Terezka & Ji\u0159\u00edk \u2665 20. 9. 2025\",\"isPartOf\":{\"@id\":\"https:\/\/svatba.jirifrydrych.cz\/subdom\/svatba\/#website\"},\"datePublished\":\"2025-03-01T13:17:26+00:00\",\"dateModified\":\"2026-03-29T12:54:55+00:00\",\"breadcrumb\":{\"@id\":\"https:\/\/svatba.jirifrydrych.cz\/subdom\/svatba\/#breadcrumb\"},\"inLanguage\":\"cs\"},{\"@type\":\"WebSite\",\"@id\":\"https:\/\/svatba.jirifrydrych.cz\/subdom\/svatba\/#website\",\"url\":\"https:\/\/svatba.jirifrydrych.cz\/subdom\/svatba\/\",\"name\":\"Terezka &amp; Ji\u0159\u00edk \u2665 20. 9. 2025\",\"description\":\"Web na cel\u00fd \u017eivot (nebo alespo\u0148 do svatby)\",\"potentialAction\":[{\"@type\":\"SearchAction\",\"target\":{\"@type\":\"EntryPoint\",\"urlTemplate\":\"https:\/\/svatba.jirifrydrych.cz\/subdom\/svatba\/?s={search_term_string}\"},\"query-input\":{\"@type\":\"PropertyValueSpecification\",\"valueRequired\":true,\"valueName\":\"search_term_string\"}}],\"inLanguage\":\"cs\"}]}<\/script>\n<!-- \/ Yoast SEO plugin. -->","yoast_head_json":{"title":"Terezka & Ji\u0159\u00edk \u2665 20. 9. 2025","description":"Web na cel\u00fd \u017eivot (nebo alespo\u0148 do svatby)","robots":{"index":"noindex","follow":"follow"},"og_locale":"cs_CZ","og_type":"article","og_title":"Terezka & Ji\u0159\u00edk \u2665 20. 9. 2025","og_description":"Web na cel\u00fd \u017eivot (nebo alespo\u0148 do svatby)","og_url":"https:\/\/svatba.jirifrydrych.cz\/subdom\/svatba\/","og_site_name":"Terezka &amp; Ji\u0159\u00edk \u2665 20. 9. 2025","article_modified_time":"2026-03-29T12:54:55+00:00","twitter_card":"summary_large_image","twitter_title":"Terezka & Ji\u0159\u00edk \u2665 20. 9. 2025","twitter_description":"Web na cel\u00fd \u017eivot (nebo alespo\u0148 do svatby)","twitter_misc":{"Odhadovan\u00e1 doba \u010dten\u00ed":"9 minut"},"schema":{"@context":"https:\/\/schema.org","@graph":[{"@type":"WebPage","@id":"https:\/\/svatba.jirifrydrych.cz\/subdom\/svatba\/","url":"https:\/\/svatba.jirifrydrych.cz\/subdom\/svatba\/","name":"Terezka & Ji\u0159\u00edk \u2665 20. 9. 2025","isPartOf":{"@id":"https:\/\/svatba.jirifrydrych.cz\/subdom\/svatba\/#website"},"datePublished":"2025-03-01T13:17:26+00:00","dateModified":"2026-03-29T12:54:55+00:00","breadcrumb":{"@id":"https:\/\/svatba.jirifrydrych.cz\/subdom\/svatba\/#breadcrumb"},"inLanguage":"cs"},{"@type":"WebSite","@id":"https:\/\/svatba.jirifrydrych.cz\/subdom\/svatba\/#website","url":"https:\/\/svatba.jirifrydrych.cz\/subdom\/svatba\/","name":"Terezka &amp; Ji\u0159\u00edk \u2665 20. 9. 2025","description":"Web na cel\u00fd \u017eivot (nebo alespo\u0148 do svatby)","potentialAction":[{"@type":"SearchAction","target":{"@type":"EntryPoint","urlTemplate":"https:\/\/svatba.jirifrydrych.cz\/subdom\/svatba\/?s={search_term_string}"},"query-input":{"@type":"PropertyValueSpecification","valueRequired":true,"valueName":"search_term_string"}}],"inLanguage":"cs"}]}},"_links":{"self":[{"href":"https:\/\/svatba.jirifrydrych.cz\/subdom\/svatba\/wp-json\/wp\/v2\/pages\/798","targetHints":{"allow":["GET"]}}],"collection":[{"href":"https:\/\/svatba.jirifrydrych.cz\/subdom\/svatba\/wp-json\/wp\/v2\/pages"}],"about":[{"href":"https:\/\/svatba.jirifrydrych.cz\/subdom\/svatba\/wp-json\/wp\/v2\/types\/page"}],"author":[{"embeddable":true,"href":"https:\/\/svatba.jirifrydrych.cz\/subdom\/svatba\/wp-json\/wp\/v2\/users\/1"}],"replies":[{"embeddable":true,"href":"https:\/\/svatba.jirifrydrych.cz\/subdom\/svatba\/wp-json\/wp\/v2\/comments?post=798"}],"version-history":[{"count":262,"href":"https:\/\/svatba.jirifrydrych.cz\/subdom\/svatba\/wp-json\/wp\/v2\/pages\/798\/revisions"}],"predecessor-version":[{"id":1397,"href":"https:\/\/svatba.jirifrydrych.cz\/subdom\/svatba\/wp-json\/wp\/v2\/pages\/798\/revisions\/1397"}],"wp:featuredmedia":[{"embeddable":true,"href":"https:\/\/svatba.jirifrydrych.cz\/subdom\/svatba\/wp-json\/wp\/v2\/media\/1025"}],"wp:attachment":[{"href":"https:\/\/svatba.jirifrydrych.cz\/subdom\/svatba\/wp-json\/wp\/v2\/media?parent=798"}],"curies":[{"name":"wp","href":"https:\/\/api.w.org\/{rel}","templated":true}]}}